{"id":27,"date":"2025-02-24T08:51:39","date_gmt":"2025-02-24T08:51:39","guid":{"rendered":"https:\/\/lancer-space.s54.somospecesvoladores.com\/?page_id=27"},"modified":"2025-03-17T12:53:27","modified_gmt":"2025-03-17T12:53:27","slug":"contacto","status":"publish","type":"page","link":"https:\/\/lancer-space.s54.somospecesvoladores.com\/?page_id=27","title":{"rendered":"Contacto"},"content":{"rendered":"\t\t<div data-elementor-type=\"wp-page\" data-elementor-id=\"27\" class=\"elementor elementor-27\" data-elementor-settings=\"{&quot;ha_cmc_init_switcher&quot;:&quot;no&quot;}\" data-elementor-post-type=\"page\">\n\t\t\t\t<div class=\"elementor-element elementor-element-120d78a e-con-full e-flex e-con e-parent\" data-id=\"120d78a\" data-element_type=\"container\" data-settings=\"{&quot;background_background&quot;:&quot;classic&quot;,&quot;_ha_eqh_enable&quot;:false}\">\n\t\t<div class=\"elementor-element elementor-element-eb29f44 e-con-full e-flex e-con e-child\" data-id=\"eb29f44\" data-element_type=\"container\" data-settings=\"{&quot;_ha_eqh_enable&quot;:false}\">\n\t\t\t\t<div class=\"elementor-element elementor-element-6bd2312 elementor-view-default elementor-widget elementor-widget-icon\" data-id=\"6bd2312\" data-element_type=\"widget\" data-widget_type=\"icon.default\">\n\t\t\t\t<div class=\"elementor-widget-container\">\n\t\t\t\t\t\t\t<div class=\"elementor-icon-wrapper\">\n\t\t\t<a class=\"elementor-icon elementor-animation-sink\" href=\"#form\">\n\t\t\t<svg xmlns=\"http:\/\/www.w3.org\/2000\/svg\" id=\"a5582592-875f-408e-9406-fbdc9be8d8e2\" data-name=\"Layer 1\" width=\"19\" height=\"43\" viewBox=\"0 0 19 43\"><title>Down<\/title><path d=\"M18.68,32.4955a1.0688,1.0688,0,0,0-1.54,0l-6.55,6.6938V1.1005A1.0944,1.0944,0,0,0,9.5044,0,1.1061,1.1061,0,0,0,8.41,1.1187v38.08L1.86,32.5046a1.0688,1.0688,0,0,0-1.54,0,1.1263,1.1263,0,0,0,0,1.5735l8.41,8.5945a1.0686,1.0686,0,0,0,1.54,0l8.41-8.5945a1.1373,1.1373,0,0,0,0-1.5826Z\"><\/path><\/svg>\t\t\t<\/a>\n\t\t<\/div>\n\t\t\t\t\t\t<\/div>\n\t\t\t\t<\/div>\n\t\t\t\t<\/div>\n\t\t<div class=\"elementor-element elementor-element-bc064e7 e-con-full e-flex e-con e-child\" data-id=\"bc064e7\" data-element_type=\"container\" data-settings=\"{&quot;background_background&quot;:&quot;classic&quot;,&quot;_ha_eqh_enable&quot;:false}\">\n\t\t\t\t<div class=\"elementor-element elementor-element-56f6f10 elementor-widget elementor-widget-heading\" data-id=\"56f6f10\" data-element_type=\"widget\" data-widget_type=\"heading.default\">\n\t\t\t\t<div class=\"elementor-widget-container\">\n\t\t\t\t\t<h3 class=\"elementor-heading-title elementor-size-default\">Construcciones Zelis<\/h3>\t\t\t\t<\/div>\n\t\t\t\t<\/div>\n\t\t\t\t<div class=\"elementor-element elementor-element-49727f4 elementor-widget elementor-widget-heading\" data-id=\"49727f4\" data-element_type=\"widget\" data-widget_type=\"heading.default\">\n\t\t\t\t<div class=\"elementor-widget-container\">\n\t\t\t\t\t<h1 class=\"elementor-heading-title elementor-size-default\">Cont\u00e1ctanos<\/h1>\t\t\t\t<\/div>\n\t\t\t\t<\/div>\n\t\t\t\t<div class=\"elementor-element elementor-element-efd9fbe elementor-widget elementor-widget-text-editor\" data-id=\"efd9fbe\" data-element_type=\"widget\" data-widget_type=\"text-editor.default\">\n\t\t\t\t<div class=\"elementor-widget-container\">\n\t\t\t\t\t\t\t\t\t<p data-start=\"23\" data-end=\"247\">En <strong data-start=\"26\" data-end=\"50\">Construcciones Zelis<\/strong>, estamos listos para ayudarte con tu proyecto. Ya sea que necesites mantenimiento, instalaciones u obras, nuestro equipo est\u00e1 a tu disposici\u00f3n para brindarte asesoramiento y soluciones a medida.<\/p><p data-start=\"249\" data-end=\"344\">\ud83d\udce9 <strong data-start=\"252\" data-end=\"290\">Pide tu presupuesto sin compromiso<\/strong> y descubre c\u00f3mo podemos hacer realidad tu proyecto.<\/p>\t\t\t\t\t\t\t\t<\/div>\n\t\t\t\t<\/div>\n\t\t\t\t<\/div>\n\t\t<div class=\"elementor-element elementor-element-5a7315f e-con-full e-flex e-con e-child\" data-id=\"5a7315f\" data-element_type=\"container\" data-settings=\"{&quot;_ha_eqh_enable&quot;:false}\">\n\t\t<div class=\"elementor-element elementor-element-3dae9625 e-con-full e-flex e-con e-child\" data-id=\"3dae9625\" data-element_type=\"container\" data-settings=\"{&quot;_ha_eqh_enable&quot;:false}\">\n\t\t\t\t<div class=\"elementor-element elementor-element-5f915fb6 elementor-position-left elementor-view-default elementor-mobile-position-top elementor-vertical-align-top elementor-widget elementor-widget-icon-box\" data-id=\"5f915fb6\" data-element_type=\"widget\" data-widget_type=\"icon-box.default\">\n\t\t\t\t<div class=\"elementor-widget-container\">\n\t\t\t\t\t\t\t<div class=\"elementor-icon-box-wrapper\">\n\n\t\t\t\t\t\t<div class=\"elementor-icon-box-icon\">\n\t\t\t\t<a href=\"mailto:construccioneszelis@gmail.com\" class=\"elementor-icon\" tabindex=\"-1\" aria-label=\"Env\u00edanos un correo\">\n\t\t\t\t<i aria-hidden=\"true\" class=\"huge huge-mail-01\"><\/i>\t\t\t\t<\/a>\n\t\t\t<\/div>\n\t\t\t\n\t\t\t\t\t\t<div class=\"elementor-icon-box-content\">\n\n\t\t\t\t\t\t\t\t\t<h3 class=\"elementor-icon-box-title\">\n\t\t\t\t\t\t<a href=\"mailto:construccioneszelis@gmail.com\" >\n\t\t\t\t\t\t\tEnv\u00edanos un correo\t\t\t\t\t\t<\/a>\n\t\t\t\t\t<\/h3>\n\t\t\t\t\n\t\t\t\t\t\t\t\t\t<p class=\"elementor-icon-box-description\">\n\t\t\t\t\t\t\nconstruccioneszelis@gmail.com\t\t\t\t\t<\/p>\n\t\t\t\t\n\t\t\t<\/div>\n\t\t\t\n\t\t<\/div>\n\t\t\t\t\t\t<\/div>\n\t\t\t\t<\/div>\n\t\t<div class=\"elementor-element elementor-element-276ffc43 e-con-full e-flex e-con e-child\" data-id=\"276ffc43\" data-element_type=\"container\" data-settings=\"{&quot;_ha_eqh_enable&quot;:false}\">\n\t\t\t\t<div class=\"elementor-element elementor-element-261aad80 elementor-position-left elementor-view-default elementor-mobile-position-top elementor-vertical-align-top elementor-widget elementor-widget-icon-box\" data-id=\"261aad80\" data-element_type=\"widget\" data-widget_type=\"icon-box.default\">\n\t\t\t\t<div class=\"elementor-widget-container\">\n\t\t\t\t\t\t\t<div class=\"elementor-icon-box-wrapper\">\n\n\t\t\t\t\t\t<div class=\"elementor-icon-box-icon\">\n\t\t\t\t<a href=\"tel:611950708\" class=\"elementor-icon\" tabindex=\"-1\" aria-label=\"LL\u00c1MANOS\">\n\t\t\t\t<i aria-hidden=\"true\" class=\"huge huge-telephone\"><\/i>\t\t\t\t<\/a>\n\t\t\t<\/div>\n\t\t\t\n\t\t\t\t\t\t<div class=\"elementor-icon-box-content\">\n\n\t\t\t\t\t\t\t\t\t<h3 class=\"elementor-icon-box-title\">\n\t\t\t\t\t\t<a href=\"tel:611950708\" >\n\t\t\t\t\t\t\tLL\u00c1MANOS\t\t\t\t\t\t<\/a>\n\t\t\t\t\t<\/h3>\n\t\t\t\t\n\t\t\t\t\t\t\t\t\t<p class=\"elementor-icon-box-description\">\n\t\t\t\t\t\t\n611 950 708\t\t\t\t\t<\/p>\n\t\t\t\t\n\t\t\t<\/div>\n\t\t\t\n\t\t<\/div>\n\t\t\t\t\t\t<\/div>\n\t\t\t\t<\/div>\n\t\t\t\t<\/div>\n\t\t<div class=\"elementor-element elementor-element-20db039c e-con-full e-flex e-con e-child\" data-id=\"20db039c\" data-element_type=\"container\" data-settings=\"{&quot;_ha_eqh_enable&quot;:false}\">\n\t\t\t\t<div class=\"elementor-element elementor-element-6e6f1b5d elementor-position-left elementor-view-default elementor-mobile-position-top elementor-vertical-align-top elementor-widget elementor-widget-icon-box\" data-id=\"6e6f1b5d\" data-element_type=\"widget\" data-widget_type=\"icon-box.default\">\n\t\t\t\t<div class=\"elementor-widget-container\">\n\t\t\t\t\t\t\t<div class=\"elementor-icon-box-wrapper\">\n\n\t\t\t\t\t\t<div class=\"elementor-icon-box-icon\">\n\t\t\t\t<a href=\"https:\/\/maps.app.goo.gl\/5pYcoMf3DhWAg2kX8\" target=\"_blank\" class=\"elementor-icon\" tabindex=\"-1\" aria-label=\"direcci\u00f3n\">\n\t\t\t\t<i aria-hidden=\"true\" class=\"huge huge-location-04\"><\/i>\t\t\t\t<\/a>\n\t\t\t<\/div>\n\t\t\t\n\t\t\t\t\t\t<div class=\"elementor-icon-box-content\">\n\n\t\t\t\t\t\t\t\t\t<h3 class=\"elementor-icon-box-title\">\n\t\t\t\t\t\t<a href=\"https:\/\/maps.app.goo.gl\/5pYcoMf3DhWAg2kX8\" target=\"_blank\" >\n\t\t\t\t\t\t\tdirecci\u00f3n\t\t\t\t\t\t<\/a>\n\t\t\t\t\t<\/h3>\n\t\t\t\t\n\t\t\t\t\t\t\t\t\t<p class=\"elementor-icon-box-description\">\n\t\t\t\t\t\t\nCarrer Balmes, 5, 08420 Canovelles, Barcelona\t\t\t\t\t<\/p>\n\t\t\t\t\n\t\t\t<\/div>\n\t\t\t\n\t\t<\/div>\n\t\t\t\t\t\t<\/div>\n\t\t\t\t<\/div>\n\t\t\t\t<\/div>\n\t\t\t\t<\/div>\n\t\t\t\t<\/div>\n\t\t\t\t<\/div>\n\t\t<div class=\"elementor-element elementor-element-5b026d91 e-flex e-con-boxed e-con e-parent\" data-id=\"5b026d91\" data-element_type=\"container\" data-settings=\"{&quot;_ha_eqh_enable&quot;:false}\">\n\t\t\t\t\t<div class=\"e-con-inner\">\n\t\t<div class=\"elementor-element elementor-element-42ba8029 e-con-full e-flex e-con e-child\" data-id=\"42ba8029\" data-element_type=\"container\" data-settings=\"{&quot;_ha_eqh_enable&quot;:false}\">\n\t\t\t\t<div class=\"elementor-element elementor-element-73912957 elementor-widget elementor-widget-heading\" data-id=\"73912957\" data-element_type=\"widget\" data-widget_type=\"heading.default\">\n\t\t\t\t<div class=\"elementor-widget-container\">\n\t\t\t\t\t<h3 class=\"elementor-heading-title elementor-size-default\">D\u00e9janos tu Mensaje<\/h3>\t\t\t\t<\/div>\n\t\t\t\t<\/div>\n\t\t\t\t<div class=\"elementor-element elementor-element-51071026 elementor-widget elementor-widget-heading\" data-id=\"51071026\" data-element_type=\"widget\" data-widget_type=\"heading.default\">\n\t\t\t\t<div class=\"elementor-widget-container\">\n\t\t\t\t\t<h2 class=\"elementor-heading-title elementor-size-default\">Escr\u00edbenos<\/h2>\t\t\t\t<\/div>\n\t\t\t\t<\/div>\n\t\t\t\t<div class=\"elementor-element elementor-element-716276f elementor-widget elementor-widget-text-editor\" data-id=\"716276f\" data-element_type=\"widget\" data-widget_type=\"text-editor.default\">\n\t\t\t\t<div class=\"elementor-widget-container\">\n\t\t\t\t\t\t\t\t\t<p data-start=\"853\" data-end=\"970\"><strong data-start=\"856\" data-end=\"889\">\u00bfTienes un proyecto en mente?<\/strong> Hablemos y encontremos la mejor soluci\u00f3n para ti. \u00a1Estamos aqu\u00ed para ayudarte!<\/p>\t\t\t\t\t\t\t\t<\/div>\n\t\t\t\t<\/div>\n\t\t\t\t<div class=\"elementor-element elementor-element-17db088 elementor-widget__width-initial elementor-button-align-stretch elementor-widget elementor-widget-form\" data-id=\"17db088\" data-element_type=\"widget\" id=\"form\" data-settings=\"{&quot;step_next_label&quot;:&quot;Siguiente&quot;,&quot;step_previous_label&quot;:&quot;Anterior&quot;,&quot;button_width&quot;:&quot;100&quot;,&quot;step_type&quot;:&quot;number_text&quot;,&quot;step_icon_shape&quot;:&quot;circle&quot;}\" data-widget_type=\"form.default\">\n\t\t\t\t<div class=\"elementor-widget-container\">\n\t\t\t\t\t\t\t<form class=\"elementor-form\" method=\"post\" name=\"Formulario Contacto\">\n\t\t\t<input type=\"hidden\" name=\"post_id\" value=\"27\"\/>\n\t\t\t<input type=\"hidden\" name=\"form_id\" value=\"17db088\"\/>\n\t\t\t<input type=\"hidden\" name=\"referer_title\" value=\"Contacto - Construcciones Zelis\" \/>\n\n\t\t\t\t\t\t\t<input type=\"hidden\" name=\"queried_id\" value=\"27\"\/>\n\t\t\t\n\t\t\t<div class=\"elementor-form-fields-wrapper elementor-labels-above\">\n\t\t\t\t\t\t\t\t<div class=\"elementor-field-type-text elementor-field-group elementor-column elementor-field-group-name elementor-col-100 elementor-md-33 elementor-field-required\">\n\t\t\t\t\t\t\t\t\t\t\t\t<label for=\"form-field-name\" class=\"elementor-field-label\">\n\t\t\t\t\t\t\t\tNombre\t\t\t\t\t\t\t<\/label>\n\t\t\t\t\t\t\t\t\t\t\t\t\t\t<input size=\"1\" type=\"text\" name=\"form_fields[name]\" id=\"form-field-name\" class=\"elementor-field elementor-size-sm  elementor-field-textual\" placeholder=\"Nombre\" required=\"required\">\n\t\t\t\t\t\t\t\t\t\t\t<\/div>\n\t\t\t\t\t\t\t\t<div class=\"elementor-field-type-email elementor-field-group elementor-column elementor-field-group-email elementor-col-50 elementor-md-33 elementor-field-required\">\n\t\t\t\t\t\t\t\t\t\t\t\t<label for=\"form-field-email\" class=\"elementor-field-label\">\n\t\t\t\t\t\t\t\tEmail\t\t\t\t\t\t\t<\/label>\n\t\t\t\t\t\t\t\t\t\t\t\t\t\t<input size=\"1\" type=\"email\" name=\"form_fields[email]\" id=\"form-field-email\" class=\"elementor-field elementor-size-sm  elementor-field-textual\" placeholder=\"Email\" required=\"required\">\n\t\t\t\t\t\t\t\t\t\t\t<\/div>\n\t\t\t\t\t\t\t\t<div class=\"elementor-field-type-tel elementor-field-group elementor-column elementor-field-group-field_365c874 elementor-col-50 elementor-md-33\">\n\t\t\t\t\t\t\t\t\t\t\t\t<label for=\"form-field-field_365c874\" class=\"elementor-field-label\">\n\t\t\t\t\t\t\t\tTel\u00e9fono\t\t\t\t\t\t\t<\/label>\n\t\t\t\t\t\t\t\t<input size=\"1\" type=\"tel\" name=\"form_fields[field_365c874]\" id=\"form-field-field_365c874\" class=\"elementor-field elementor-size-sm  elementor-field-textual\" placeholder=\"Tel\u00e9fono\" pattern=\"[0-9()#&amp;+*-=.]+\" title=\"Only numbers and phone characters (#, -, *, etc) are accepted.\">\n\n\t\t\t\t\t\t<\/div>\n\t\t\t\t\t\t\t\t<div class=\"elementor-field-type-textarea elementor-field-group elementor-column elementor-field-group-message elementor-col-100 elementor-md-100\">\n\t\t\t\t\t\t\t\t\t\t\t\t<label for=\"form-field-message\" class=\"elementor-field-label\">\n\t\t\t\t\t\t\t\tMensaje\t\t\t\t\t\t\t<\/label>\n\t\t\t\t\t\t<textarea class=\"elementor-field-textual elementor-field  elementor-size-sm\" name=\"form_fields[message]\" id=\"form-field-message\" rows=\"4\" placeholder=\"Mensaje\"><\/textarea>\t\t\t\t<\/div>\n\t\t\t\t\t\t\t\t<div class=\"elementor-field-type-acceptance elementor-field-group elementor-column elementor-field-group-field_f011fbe elementor-col-100 elementor-field-required\">\n\t\t\t\t\t\t\t<div class=\"elementor-field-subgroup\">\n\t\t\t<span class=\"elementor-field-option\">\n\t\t\t\t<input type=\"checkbox\" name=\"form_fields[field_f011fbe]\" id=\"form-field-field_f011fbe\" class=\"elementor-field elementor-size-sm  elementor-acceptance-field\" required=\"required\">\n\t\t\t\t<label for=\"form-field-field_f011fbe\">He le\u00eddo y acepto la Pol\u00edtica de Privacidad<\/label>\t\t\t<\/span>\n\t\t<\/div>\n\t\t\t\t\t\t<\/div>\n\t\t\t\t\t\t\t\t<div class=\"elementor-field-group elementor-column elementor-field-type-submit elementor-col-100 e-form__buttons\">\n\t\t\t\t\t<button class=\"elementor-button elementor-size-sm\" type=\"submit\">\n\t\t\t\t\t\t<span class=\"elementor-button-content-wrapper\">\n\t\t\t\t\t\t\t\t\t\t\t\t\t\t\t\t\t\t\t\t\t\t<span class=\"elementor-button-text\">Enviar<\/span>\n\t\t\t\t\t\t\t\t\t\t\t\t\t<\/span>\n\t\t\t\t\t<\/button>\n\t\t\t\t<\/div>\n\t\t\t<\/div>\n\t\t<\/form>\n\t\t\t\t\t\t<\/div>\n\t\t\t\t<\/div>\n\t\t\t\t<\/div>\n\t\t<div class=\"elementor-element elementor-element-7bddabca e-con-full e-flex e-con e-child\" data-id=\"7bddabca\" data-element_type=\"container\" data-settings=\"{&quot;_ha_eqh_enable&quot;:false}\">\n\t\t\t\t<div class=\"elementor-element elementor-element-3370189 elementor-widget elementor-widget-google_maps\" data-id=\"3370189\" data-element_type=\"widget\" data-widget_type=\"google_maps.default\">\n\t\t\t\t<div class=\"elementor-widget-container\">\n\t\t\t\t\t\t\t<div class=\"elementor-custom-embed\">\n\t\t\t<iframe loading=\"lazy\"\n\t\t\t\t\tsrc=\"https:\/\/maps.google.com\/maps?q=Carrer%20Balmes%2C%205%2C%2008420%20Canovelles%2C%20Barcelona&#038;t=m&#038;z=13&#038;output=embed&#038;iwloc=near\"\n\t\t\t\t\ttitle=\"Carrer Balmes, 5, 08420 Canovelles, Barcelona\"\n\t\t\t\t\taria-label=\"Carrer Balmes, 5, 08420 Canovelles, Barcelona\"\n\t\t\t><\/iframe>\n\t\t<\/div>\n\t\t\t\t\t\t<\/div>\n\t\t\t\t<\/div>\n\t\t\t\t<\/div>\n\t\t\t\t\t<\/div>\n\t\t\t\t<\/div>\n\t\t\t\t<\/div>\n\t\t","protected":false},"excerpt":{"rendered":"<p>Down Construcciones Zelis Cont\u00e1ctanos En Construcciones Zelis, estamos listos para ayudarte con tu proyecto. Ya sea que necesites mantenimiento, instalaciones u obras, nuestro equipo est\u00e1 a tu disposici\u00f3n para brindarte asesoramiento y soluciones a medida. \ud83d\udce9 Pide tu presupuesto sin compromiso y descubre c\u00f3mo podemos hacer realidad tu proyecto. Env\u00edanos un correo construccioneszelis@gmail.com LL\u00c1MANOS 611 [&hellip;]<\/p>\n","protected":false},"author":1,"featured_media":276,"parent":0,"menu_order":0,"comment_status":"closed","ping_status":"closed","template":"elementor_header_footer","meta":{"_joinchat":[],"footnotes":""},"class_list":["post-27","page","type-page","status-publish","has-post-thumbnail","hentry"],"yoast_head":"<!-- This site is optimized with the Yoast SEO plugin v24.5 - https:\/\/yoast.com\/wordpress\/plugins\/seo\/ -->\n<title>Contacto - Construcciones Zelis<\/title>\n<meta name=\"description\" content=\"Ponte en contacto y pide tu presupuesto sin compromiso y descubre c\u00f3mo podemos hacer realidad tu proyecto.\" \/>\n<meta name=\"robots\" content=\"index, follow, max-snippet:-1, max-image-preview:large, max-video-preview:-1\" \/>\n<link rel=\"canonical\" href=\"https:\/\/lancer-space.s54.somospecesvoladores.com\/?page_id=27\" \/>\n<meta property=\"og:locale\" content=\"es_ES\" \/>\n<meta property=\"og:type\" content=\"article\" \/>\n<meta property=\"og:title\" content=\"Contacto - Construcciones Zelis\" \/>\n<meta property=\"og:description\" content=\"Ponte en contacto y pide tu presupuesto sin compromiso y descubre c\u00f3mo podemos hacer realidad tu proyecto.\" \/>\n<meta property=\"og:url\" content=\"https:\/\/lancer-space.s54.somospecesvoladores.com\/?page_id=27\" \/>\n<meta property=\"og:site_name\" content=\"Construcciones Zelis\" \/>\n<meta property=\"article:modified_time\" content=\"2025-03-17T12:53:27+00:00\" \/>\n<meta property=\"og:image\" content=\"https:\/\/lancer-space.s54.somospecesvoladores.com\/wp-content\/uploads\/2025\/03\/pexels-pixabay-257923-scaled.jpg\" \/>\n\t<meta property=\"og:image:width\" content=\"2560\" \/>\n\t<meta property=\"og:image:height\" content=\"1707\" \/>\n\t<meta property=\"og:image:type\" content=\"image\/jpeg\" \/>\n<meta name=\"twitter:card\" content=\"summary_large_image\" \/>\n<meta name=\"twitter:label1\" content=\"Tiempo de lectura\" \/>\n\t<meta name=\"twitter:data1\" content=\"1 minuto\" \/>\n<script type=\"application\/ld+json\" class=\"yoast-schema-graph\">{\"@context\":\"https:\/\/schema.org\",\"@graph\":[{\"@type\":\"WebPage\",\"@id\":\"https:\/\/lancer-space.s54.somospecesvoladores.com\/?page_id=27\",\"url\":\"https:\/\/lancer-space.s54.somospecesvoladores.com\/?page_id=27\",\"name\":\"Contacto - Construcciones Zelis\",\"isPartOf\":{\"@id\":\"https:\/\/lancer-space.s54.somospecesvoladores.com\/#website\"},\"primaryImageOfPage\":{\"@id\":\"https:\/\/lancer-space.s54.somospecesvoladores.com\/?page_id=27#primaryimage\"},\"image\":{\"@id\":\"https:\/\/lancer-space.s54.somospecesvoladores.com\/?page_id=27#primaryimage\"},\"thumbnailUrl\":\"https:\/\/lancer-space.s54.somospecesvoladores.com\/wp-content\/uploads\/2025\/03\/pexels-pixabay-257923-scaled.jpg\",\"datePublished\":\"2025-02-24T08:51:39+00:00\",\"dateModified\":\"2025-03-17T12:53:27+00:00\",\"description\":\"Ponte en contacto y pide tu presupuesto sin compromiso y descubre c\u00f3mo podemos hacer realidad tu proyecto.\",\"breadcrumb\":{\"@id\":\"https:\/\/lancer-space.s54.somospecesvoladores.com\/?page_id=27#breadcrumb\"},\"inLanguage\":\"es\",\"potentialAction\":[{\"@type\":\"ReadAction\",\"target\":[\"https:\/\/lancer-space.s54.somospecesvoladores.com\/?page_id=27\"]}]},{\"@type\":\"ImageObject\",\"inLanguage\":\"es\",\"@id\":\"https:\/\/lancer-space.s54.somospecesvoladores.com\/?page_id=27#primaryimage\",\"url\":\"https:\/\/lancer-space.s54.somospecesvoladores.com\/wp-content\/uploads\/2025\/03\/pexels-pixabay-257923-scaled.jpg\",\"contentUrl\":\"https:\/\/lancer-space.s54.somospecesvoladores.com\/wp-content\/uploads\/2025\/03\/pexels-pixabay-257923-scaled.jpg\",\"width\":2560,\"height\":1707,\"caption\":\"imagen de un m\u00f3vil en un escritorio\"},{\"@type\":\"BreadcrumbList\",\"@id\":\"https:\/\/lancer-space.s54.somospecesvoladores.com\/?page_id=27#breadcrumb\",\"itemListElement\":[{\"@type\":\"ListItem\",\"position\":1,\"name\":\"Home\",\"item\":\"https:\/\/lancer-space.s54.somospecesvoladores.com\/\"},{\"@type\":\"ListItem\",\"position\":2,\"name\":\"Contacto\"}]},{\"@type\":\"WebSite\",\"@id\":\"https:\/\/lancer-space.s54.somospecesvoladores.com\/#website\",\"url\":\"https:\/\/lancer-space.s54.somospecesvoladores.com\/\",\"name\":\"Construcciones Zelis\",\"description\":\"\",\"publisher\":{\"@id\":\"https:\/\/lancer-space.s54.somospecesvoladores.com\/#organization\"},\"potentialAction\":[{\"@type\":\"SearchAction\",\"target\":{\"@type\":\"EntryPoint\",\"urlTemplate\":\"https:\/\/lancer-space.s54.somospecesvoladores.com\/?s={search_term_string}\"},\"query-input\":{\"@type\":\"PropertyValueSpecification\",\"valueRequired\":true,\"valueName\":\"search_term_string\"}}],\"inLanguage\":\"es\"},{\"@type\":\"Organization\",\"@id\":\"https:\/\/lancer-space.s54.somospecesvoladores.com\/#organization\",\"name\":\"Construcciones Zelis\",\"url\":\"https:\/\/lancer-space.s54.somospecesvoladores.com\/\",\"logo\":{\"@type\":\"ImageObject\",\"inLanguage\":\"es\",\"@id\":\"https:\/\/lancer-space.s54.somospecesvoladores.com\/#\/schema\/logo\/image\/\",\"url\":\"https:\/\/lancer-space.s54.somospecesvoladores.com\/wp-content\/uploads\/2025\/03\/Cons_20250310_113705_0000-e1741614261456.jpg\",\"contentUrl\":\"https:\/\/lancer-space.s54.somospecesvoladores.com\/wp-content\/uploads\/2025\/03\/Cons_20250310_113705_0000-e1741614261456.jpg\",\"width\":326,\"height\":347,\"caption\":\"Construcciones Zelis\"},\"image\":{\"@id\":\"https:\/\/lancer-space.s54.somospecesvoladores.com\/#\/schema\/logo\/image\/\"}}]}<\/script>\n<!-- \/ Yoast SEO plugin. -->","yoast_head_json":{"title":"Contacto - Construcciones Zelis","description":"Ponte en contacto y pide tu presupuesto sin compromiso y descubre c\u00f3mo podemos hacer realidad tu proyecto.","robots":{"index":"index","follow":"follow","max-snippet":"max-snippet:-1","max-image-preview":"max-image-preview:large","max-video-preview":"max-video-preview:-1"},"canonical":"https:\/\/lancer-space.s54.somospecesvoladores.com\/?page_id=27","og_locale":"es_ES","og_type":"article","og_title":"Contacto - Construcciones Zelis","og_description":"Ponte en contacto y pide tu presupuesto sin compromiso y descubre c\u00f3mo podemos hacer realidad tu proyecto.","og_url":"https:\/\/lancer-space.s54.somospecesvoladores.com\/?page_id=27","og_site_name":"Construcciones Zelis","article_modified_time":"2025-03-17T12:53:27+00:00","og_image":[{"width":2560,"height":1707,"url":"https:\/\/lancer-space.s54.somospecesvoladores.com\/wp-content\/uploads\/2025\/03\/pexels-pixabay-257923-scaled.jpg","type":"image\/jpeg"}],"twitter_card":"summary_large_image","twitter_misc":{"Tiempo de lectura":"1 minuto"},"schema":{"@context":"https:\/\/schema.org","@graph":[{"@type":"WebPage","@id":"https:\/\/lancer-space.s54.somospecesvoladores.com\/?page_id=27","url":"https:\/\/lancer-space.s54.somospecesvoladores.com\/?page_id=27","name":"Contacto - Construcciones Zelis","isPartOf":{"@id":"https:\/\/lancer-space.s54.somospecesvoladores.com\/#website"},"primaryImageOfPage":{"@id":"https:\/\/lancer-space.s54.somospecesvoladores.com\/?page_id=27#primaryimage"},"image":{"@id":"https:\/\/lancer-space.s54.somospecesvoladores.com\/?page_id=27#primaryimage"},"thumbnailUrl":"https:\/\/lancer-space.s54.somospecesvoladores.com\/wp-content\/uploads\/2025\/03\/pexels-pixabay-257923-scaled.jpg","datePublished":"2025-02-24T08:51:39+00:00","dateModified":"2025-03-17T12:53:27+00:00","description":"Ponte en contacto y pide tu presupuesto sin compromiso y descubre c\u00f3mo podemos hacer realidad tu proyecto.","breadcrumb":{"@id":"https:\/\/lancer-space.s54.somospecesvoladores.com\/?page_id=27#breadcrumb"},"inLanguage":"es","potentialAction":[{"@type":"ReadAction","target":["https:\/\/lancer-space.s54.somospecesvoladores.com\/?page_id=27"]}]},{"@type":"ImageObject","inLanguage":"es","@id":"https:\/\/lancer-space.s54.somospecesvoladores.com\/?page_id=27#primaryimage","url":"https:\/\/lancer-space.s54.somospecesvoladores.com\/wp-content\/uploads\/2025\/03\/pexels-pixabay-257923-scaled.jpg","contentUrl":"https:\/\/lancer-space.s54.somospecesvoladores.com\/wp-content\/uploads\/2025\/03\/pexels-pixabay-257923-scaled.jpg","width":2560,"height":1707,"caption":"imagen de un m\u00f3vil en un escritorio"},{"@type":"BreadcrumbList","@id":"https:\/\/lancer-space.s54.somospecesvoladores.com\/?page_id=27#breadcrumb","itemListElement":[{"@type":"ListItem","position":1,"name":"Home","item":"https:\/\/lancer-space.s54.somospecesvoladores.com\/"},{"@type":"ListItem","position":2,"name":"Contacto"}]},{"@type":"WebSite","@id":"https:\/\/lancer-space.s54.somospecesvoladores.com\/#website","url":"https:\/\/lancer-space.s54.somospecesvoladores.com\/","name":"Construcciones Zelis","description":"","publisher":{"@id":"https:\/\/lancer-space.s54.somospecesvoladores.com\/#organization"},"potentialAction":[{"@type":"SearchAction","target":{"@type":"EntryPoint","urlTemplate":"https:\/\/lancer-space.s54.somospecesvoladores.com\/?s={search_term_string}"},"query-input":{"@type":"PropertyValueSpecification","valueRequired":true,"valueName":"search_term_string"}}],"inLanguage":"es"},{"@type":"Organization","@id":"https:\/\/lancer-space.s54.somospecesvoladores.com\/#organization","name":"Construcciones Zelis","url":"https:\/\/lancer-space.s54.somospecesvoladores.com\/","logo":{"@type":"ImageObject","inLanguage":"es","@id":"https:\/\/lancer-space.s54.somospecesvoladores.com\/#\/schema\/logo\/image\/","url":"https:\/\/lancer-space.s54.somospecesvoladores.com\/wp-content\/uploads\/2025\/03\/Cons_20250310_113705_0000-e1741614261456.jpg","contentUrl":"https:\/\/lancer-space.s54.somospecesvoladores.com\/wp-content\/uploads\/2025\/03\/Cons_20250310_113705_0000-e1741614261456.jpg","width":326,"height":347,"caption":"Construcciones Zelis"},"image":{"@id":"https:\/\/lancer-space.s54.somospecesvoladores.com\/#\/schema\/logo\/image\/"}}]}},"_links":{"self":[{"href":"https:\/\/lancer-space.s54.somospecesvoladores.com\/index.php?rest_route=\/wp\/v2\/pages\/27","targetHints":{"allow":["GET"]}}],"collection":[{"href":"https:\/\/lancer-space.s54.somospecesvoladores.com\/index.php?rest_route=\/wp\/v2\/pages"}],"about":[{"href":"https:\/\/lancer-space.s54.somospecesvoladores.com\/index.php?rest_route=\/wp\/v2\/types\/page"}],"author":[{"embeddable":true,"href":"https:\/\/lancer-space.s54.somospecesvoladores.com\/index.php?rest_route=\/wp\/v2\/users\/1"}],"replies":[{"embeddable":true,"href":"https:\/\/lancer-space.s54.somospecesvoladores.com\/index.php?rest_route=%2Fwp%2Fv2%2Fcomments&post=27"}],"version-history":[{"count":0,"href":"https:\/\/lancer-space.s54.somospecesvoladores.com\/index.php?rest_route=\/wp\/v2\/pages\/27\/revisions"}],"wp:featuredmedia":[{"embeddable":true,"href":"https:\/\/lancer-space.s54.somospecesvoladores.com\/index.php?rest_route=\/wp\/v2\/media\/276"}],"wp:attachment":[{"href":"https:\/\/lancer-space.s54.somospecesvoladores.com\/index.php?rest_route=%2Fwp%2Fv2%2Fmedia&parent=27"}],"curies":[{"name":"wp","href":"https:\/\/api.w.org\/{rel}","templated":true}]}}